{"id":2,"date":"2020-01-31T11:31:56","date_gmt":"2020-01-31T11:31:56","guid":{"rendered":"https:\/\/talcomosoy.com.ar\/?page_id=2"},"modified":"2020-02-10T21:14:19","modified_gmt":"2020-02-11T00:14:19","slug":"conocenos","status":"publish","type":"page","link":"https:\/\/talcomosoy.com.ar\/index.php\/conocenos\/","title":{"rendered":"CONOCENOS"},"content":{"rendered":"\r\n<blockquote>\r\n<p>NOTAS DE PRENSA, ENTREVISTAS, AGENDA CULTURAL MUSICAL, FOTOGRAF\u00cdAS Y VIDEOS DE EVENTOS.<\/p>\r\n<\/blockquote>\r\n<p><strong>Tal Como Soy<\/strong>\u00a0naci\u00f3 bajo el formato de magazine online, a principios del a\u00f1o 2015, en Las Heras (Mendoza);\u00a0<em>con la misi\u00f3n de difundir a los m\u00fasicxs y plomos del rock mendocino de los 80, del rock under mendocino; adem\u00e1s de compartir con ustedes las noticias m\u00e1s interesantes del panorama rockero mendocino, argentino e internacional.<\/em><\/p>\r\n<p>Desde marzo de 2017 a diciembre de 2018, se sum\u00f3 la\u00a0<strong>RADIO,\u00a0<\/strong>con\u00a0<strong>Sinda Miranda<\/strong>\u00a0(Producci\u00f3n General),\u00a0<strong>Armando Fierro<\/strong>\u00a0(Secci\u00f3n de Humor),\u00a0<strong>Luis Pietanesi<\/strong>\u00a0y\u00a0<strong>Martha Batista<\/strong>\u00a0(Panorama Rockero),\u00a0<strong>Marcelo De Dorrego<\/strong>\u00a0(conductor invitado) y\u00a0<strong>Angel Castro<\/strong>\u00a0(Fotograf\u00eda).<\/p>\r\n<p>La sinton\u00eda que se escuchaba tanto en la apertura como en el cierre de Tal Como Soy, se llama\u00a0DECIRTE QUE\u00a0y pertenece a la banda de rock mendocina\u00a0<strong>14.22 Rock<\/strong>.<\/p>\r\n<p>En el\u00a0<strong>PERI\u00d3DICO<\/strong>\u00a0la \u00fanica responsable editorial es\u00a0<strong>SINDA MIRANDA<\/strong>. Ella es quien hace las notas, sube las gacetillas que llegan a su correo, edita los audios y podcast que se anexan a los art\u00edculos; y lo actualiza diariamente con la informaci\u00f3n, que recibe de los Municipios.<\/p>\r\n<p>A partir del a\u00f1o 2019, TAL COMO SOY constituy\u00f3 junto con otros medios, fot\u00f3grafxs y prenserxs independientes de la provincia, una <strong>Red de Prensa Independiente<\/strong> que est\u00e1 comunicada permanentemente a trav\u00e9s de whatsapp, compartiendo informaci\u00f3n, coberturas y amistad. Tambi\u00e9n a trav\u00e9s de su editora Sinda Miranda, es miembro del<strong> Colectivo Comunicadoras Feministas de Mendoza<\/strong>.<\/p>\r\n","protected":false},"excerpt":{"rendered":"<p>NOTAS DE PRENSA, ENTREVISTAS, AGENDA CULTURAL MUSICAL, FOTOGRAF\u00cdAS Y VIDEOS DE EVENTOS. Tal Como Soy\u00a0naci\u00f3<\/p>\n","protected":false},"author":1,"featured_media":0,"parent":0,"menu_order":3,"comment_status":"closed","ping_status":"open","template":"","meta":{"footnotes":""},"class_list":["post-2","page","type-page","status-publish","hentry"],"yoast_head":"<!-- This site is optimized with the Yoast SEO plugin v27.4 - https:\/\/yoast.com\/product\/yoast-seo-wordpress\/ -->\n<title>CONOCENOS - Tal Como Soy<\/title>\n<meta name=\"robots\" content=\"index, follow, max-snippet:-1, max-image-preview:large, max-video-preview:-1\" \/>\n<link rel=\"canonical\" href=\"https:\/\/talcomosoy.com.ar\/index.php\/conocenos\/\" \/>\n<meta property=\"og:locale\" content=\"es_ES\" \/>\n<meta property=\"og:type\" content=\"article\" \/>\n<meta property=\"og:title\" content=\"CONOCENOS - Tal Como Soy\" \/>\n<meta property=\"og:description\" content=\"NOTAS DE PRENSA, ENTREVISTAS, AGENDA CULTURAL MUSICAL, FOTOGRAF\u00cdAS Y VIDEOS DE EVENTOS. Tal Como Soy\u00a0naci\u00f3\" \/>\n<meta property=\"og:url\" content=\"https:\/\/talcomosoy.com.ar\/index.php\/conocenos\/\" \/>\n<meta property=\"og:site_name\" content=\"Tal Como Soy\" \/>\n<meta property=\"article:publisher\" content=\"https:\/\/www.facebook.com\/talcomosoyok\" \/>\n<meta property=\"article:modified_time\" content=\"2020-02-11T00:14:19+00:00\" \/>\n<meta property=\"og:image\" content=\"https:\/\/i0.wp.com\/talcomosoy.com.ar\/wp-content\/uploads\/2020\/02\/LOGO-PUA-2020-NEGRO.png?fit=570%2C382&ssl=1\" \/>\n\t<meta property=\"og:image:width\" content=\"570\" \/>\n\t<meta property=\"og:image:height\" content=\"382\" \/>\n\t<meta property=\"og:image:type\" content=\"image\/png\" \/>\n<meta name=\"twitter:card\" content=\"summary_large_image\" \/>\n<meta name=\"twitter:site\" content=\"@talcomosoyok\" \/>\n<meta name=\"twitter:label1\" content=\"Tiempo de lectura\" \/>\n\t<meta name=\"twitter:data1\" content=\"1 minuto\" \/>\n<script type=\"application\/ld+json\" class=\"yoast-schema-graph\">{\"@context\":\"https:\\\/\\\/schema.org\",\"@graph\":[{\"@type\":\"WebPage\",\"@id\":\"https:\\\/\\\/talcomosoy.com.ar\\\/index.php\\\/conocenos\\\/\",\"url\":\"https:\\\/\\\/talcomosoy.com.ar\\\/index.php\\\/conocenos\\\/\",\"name\":\"CONOCENOS - Tal Como Soy\",\"isPartOf\":{\"@id\":\"https:\\\/\\\/talcomosoy.com.ar\\\/#website\"},\"datePublished\":\"2020-01-31T11:31:56+00:00\",\"dateModified\":\"2020-02-11T00:14:19+00:00\",\"inLanguage\":\"es\",\"potentialAction\":[{\"@type\":\"ReadAction\",\"target\":[\"https:\\\/\\\/talcomosoy.com.ar\\\/index.php\\\/conocenos\\\/\"]}]},{\"@type\":\"WebSite\",\"@id\":\"https:\\\/\\\/talcomosoy.com.ar\\\/#website\",\"url\":\"https:\\\/\\\/talcomosoy.com.ar\\\/\",\"name\":\"Tal Como Soy\",\"description\":\"Magazine Musical Digital\",\"publisher\":{\"@id\":\"https:\\\/\\\/talcomosoy.com.ar\\\/#organization\"},\"potentialAction\":[{\"@type\":\"SearchAction\",\"target\":{\"@type\":\"EntryPoint\",\"urlTemplate\":\"https:\\\/\\\/talcomosoy.com.ar\\\/?s={search_term_string}\"},\"query-input\":{\"@type\":\"PropertyValueSpecification\",\"valueRequired\":true,\"valueName\":\"search_term_string\"}}],\"inLanguage\":\"es\"},{\"@type\":\"Organization\",\"@id\":\"https:\\\/\\\/talcomosoy.com.ar\\\/#organization\",\"name\":\"Tal Como Soy\",\"url\":\"https:\\\/\\\/talcomosoy.com.ar\\\/\",\"logo\":{\"@type\":\"ImageObject\",\"inLanguage\":\"es\",\"@id\":\"https:\\\/\\\/talcomosoy.com.ar\\\/#\\\/schema\\\/logo\\\/image\\\/\",\"url\":\"https:\\\/\\\/i0.wp.com\\\/talcomosoy.com.ar\\\/wp-content\\\/uploads\\\/2020\\\/02\\\/PUA-2020-TRANSPARENTE.png?fit=570%2C382&ssl=1\",\"contentUrl\":\"https:\\\/\\\/i0.wp.com\\\/talcomosoy.com.ar\\\/wp-content\\\/uploads\\\/2020\\\/02\\\/PUA-2020-TRANSPARENTE.png?fit=570%2C382&ssl=1\",\"width\":570,\"height\":382,\"caption\":\"Tal Como Soy\"},\"image\":{\"@id\":\"https:\\\/\\\/talcomosoy.com.ar\\\/#\\\/schema\\\/logo\\\/image\\\/\"},\"sameAs\":[\"https:\\\/\\\/www.facebook.com\\\/talcomosoyok\",\"https:\\\/\\\/x.com\\\/talcomosoyok\",\"https:\\\/\\\/www.instagram.com\\\/talcomosoyok\",\"https:\\\/\\\/www.youtube.com\\\/channel\\\/UCrutZzYQmd9Fe8pEm5wqsiw\"]}]}<\/script>\n<!-- \/ Yoast SEO plugin. -->","yoast_head_json":{"title":"CONOCENOS - Tal Como Soy","robots":{"index":"index","follow":"follow","max-snippet":"max-snippet:-1","max-image-preview":"max-image-preview:large","max-video-preview":"max-video-preview:-1"},"canonical":"https:\/\/talcomosoy.com.ar\/index.php\/conocenos\/","og_locale":"es_ES","og_type":"article","og_title":"CONOCENOS - Tal Como Soy","og_description":"NOTAS DE PRENSA, ENTREVISTAS, AGENDA CULTURAL MUSICAL, FOTOGRAF\u00cdAS Y VIDEOS DE EVENTOS. Tal Como Soy\u00a0naci\u00f3","og_url":"https:\/\/talcomosoy.com.ar\/index.php\/conocenos\/","og_site_name":"Tal Como Soy","article_publisher":"https:\/\/www.facebook.com\/talcomosoyok","article_modified_time":"2020-02-11T00:14:19+00:00","og_image":[{"width":570,"height":382,"url":"https:\/\/i0.wp.com\/talcomosoy.com.ar\/wp-content\/uploads\/2020\/02\/LOGO-PUA-2020-NEGRO.png?fit=570%2C382&ssl=1","type":"image\/png"}],"twitter_card":"summary_large_image","twitter_site":"@talcomosoyok","twitter_misc":{"Tiempo de lectura":"1 minuto"},"schema":{"@context":"https:\/\/schema.org","@graph":[{"@type":"WebPage","@id":"https:\/\/talcomosoy.com.ar\/index.php\/conocenos\/","url":"https:\/\/talcomosoy.com.ar\/index.php\/conocenos\/","name":"CONOCENOS - Tal Como Soy","isPartOf":{"@id":"https:\/\/talcomosoy.com.ar\/#website"},"datePublished":"2020-01-31T11:31:56+00:00","dateModified":"2020-02-11T00:14:19+00:00","inLanguage":"es","potentialAction":[{"@type":"ReadAction","target":["https:\/\/talcomosoy.com.ar\/index.php\/conocenos\/"]}]},{"@type":"WebSite","@id":"https:\/\/talcomosoy.com.ar\/#website","url":"https:\/\/talcomosoy.com.ar\/","name":"Tal Como Soy","description":"Magazine Musical Digital","publisher":{"@id":"https:\/\/talcomosoy.com.ar\/#organization"},"potentialAction":[{"@type":"SearchAction","target":{"@type":"EntryPoint","urlTemplate":"https:\/\/talcomosoy.com.ar\/?s={search_term_string}"},"query-input":{"@type":"PropertyValueSpecification","valueRequired":true,"valueName":"search_term_string"}}],"inLanguage":"es"},{"@type":"Organization","@id":"https:\/\/talcomosoy.com.ar\/#organization","name":"Tal Como Soy","url":"https:\/\/talcomosoy.com.ar\/","logo":{"@type":"ImageObject","inLanguage":"es","@id":"https:\/\/talcomosoy.com.ar\/#\/schema\/logo\/image\/","url":"https:\/\/i0.wp.com\/talcomosoy.com.ar\/wp-content\/uploads\/2020\/02\/PUA-2020-TRANSPARENTE.png?fit=570%2C382&ssl=1","contentUrl":"https:\/\/i0.wp.com\/talcomosoy.com.ar\/wp-content\/uploads\/2020\/02\/PUA-2020-TRANSPARENTE.png?fit=570%2C382&ssl=1","width":570,"height":382,"caption":"Tal Como Soy"},"image":{"@id":"https:\/\/talcomosoy.com.ar\/#\/schema\/logo\/image\/"},"sameAs":["https:\/\/www.facebook.com\/talcomosoyok","https:\/\/x.com\/talcomosoyok","https:\/\/www.instagram.com\/talcomosoyok","https:\/\/www.youtube.com\/channel\/UCrutZzYQmd9Fe8pEm5wqsiw"]}]}},"jetpack_sharing_enabled":true,"jetpack_likes_enabled":true,"_links":{"self":[{"href":"https:\/\/talcomosoy.com.ar\/index.php\/wp-json\/wp\/v2\/pages\/2","targetHints":{"allow":["GET"]}}],"collection":[{"href":"https:\/\/talcomosoy.com.ar\/index.php\/wp-json\/wp\/v2\/pages"}],"about":[{"href":"https:\/\/talcomosoy.com.ar\/index.php\/wp-json\/wp\/v2\/types\/page"}],"author":[{"embeddable":true,"href":"https:\/\/talcomosoy.com.ar\/index.php\/wp-json\/wp\/v2\/users\/1"}],"replies":[{"embeddable":true,"href":"https:\/\/talcomosoy.com.ar\/index.php\/wp-json\/wp\/v2\/comments?post=2"}],"version-history":[{"count":2,"href":"https:\/\/talcomosoy.com.ar\/index.php\/wp-json\/wp\/v2\/pages\/2\/revisions"}],"predecessor-version":[{"id":282,"href":"https:\/\/talcomosoy.com.ar\/index.php\/wp-json\/wp\/v2\/pages\/2\/revisions\/282"}],"wp:attachment":[{"href":"https:\/\/talcomosoy.com.ar\/index.php\/wp-json\/wp\/v2\/media?parent=2"}],"curies":[{"name":"wp","href":"https:\/\/api.w.org\/{rel}","templated":true}]}}